{"id":25,"date":"2021-08-10T04:39:15","date_gmt":"2021-08-10T04:39:15","guid":{"rendered":"https:\/\/total.wpexplorer.com\/bolt\/?page_id=25"},"modified":"2023-03-03T10:43:07","modified_gmt":"2023-03-03T10:43:07","slug":"contact","status":"publish","type":"page","link":"https:\/\/lacha.si\/?page_id=25","title":{"rendered":"Kontakt"},"content":{"rendered":"[vc_row content_placement=&#8221;middle&#8221; columns_right=&#8221;yes&#8221;][vc_column width=&#8221;1\/2&#8243;]<figure class=\"vcex-image vcex-module wpex-clr textcenter\"><div class=\"vcex-image-inner wpex-relative wpex-inline-block\" style=\"max-width:500px;\"><img decoding=\"async\" width=\"500\" height=\"500\" src=\"https:\/\/lacha.si\/wp-content\/uploads\/2022\/11\/logo-z-ozadjem.png\" class=\"wpex-align-middle\" alt=\"\" loading=\"lazy\" style=\"border-radius:10px;\" srcset=\"https:\/\/lacha.si\/wp-content\/uploads\/2022\/11\/logo-z-ozadjem.png 500w, https:\/\/lacha.si\/wp-content\/uploads\/2022\/11\/logo-z-ozadjem-300x300.png 300w, https:\/\/lacha.si\/wp-content\/uploads\/2022\/11\/logo-z-ozadjem-150x150.png 150w, https:\/\/lacha.si\/wp-content\/uploads\/2022\/11\/logo-z-ozadjem-100x100.png 100w\" sizes=\"auto, (max-width: 500px) 100vw, 500px\" \/><\/div><\/figure>[\/vc_column][vc_column width=&#8221;1\/2&#8243;]<div class=\"vcex-heading vcex-module wpex-text-2xl wpex-font-normal wpex-m-auto wpex-max-w-100 vcex-heading-plain wpex-block\" style=\"font-size:1.75em;\"><span class=\"vcex-heading-inner wpex-inline-block wpex-clr\">Informacije<\/span><\/div><div class=\"vcex-spacing wpex-w-100 wpex-clear\" style=\"height:20px;\"><\/div>[vc_column_text]Najdete nas tam, kjer se sli\u0161i dobra glasba ali pa nas kontaktirajte na naslednji povezavi -&gt; <a class=\"local-scroll-link\" href=\"#contact-form\">kontaktni obrazec<\/a>.[\/vc_column_text]<div class=\"vcex-module vcex-divider vcex-divider-solid wpex-max-w-100 wpex-mx-auto wpex-block wpex-h-0 wpex-border-b wpex-border-solid wpex-border-main\" style=\"margin-top:50px;margin-bottom:50px;border-color:#e0e0e0;\"><\/div><div class=\"vcex-module vcex-icon-box vcex-icon-box-one wpex-relative wpex-flex wpex-text-left\"><div class=\"vcex-icon-box-symbol wpex-flex-shrink-0 wpex-mr-20\"><img decoding=\"async\" loading=\"lazy\" class=\"vcex-icon-box-image wpex-align-middle\" style=\"width:50px;border-radius:var(--wpex-radius-blob-1);\" src=\"https:\/\/lacha.si\/wp-content\/uploads\/2022\/12\/Lana-Bauman-Large-50x50.jpeg\" alt=\"\" srcset=\"https:\/\/lacha.si\/wp-content\/uploads\/2022\/12\/Lana-Bauman-Large-50x50.jpeg 50w, https:\/\/lacha.si\/wp-content\/uploads\/2022\/12\/Lana-Bauman-Large-150x150.jpeg 150w, https:\/\/lacha.si\/wp-content\/uploads\/2022\/12\/Lana-Bauman-Large-300x300.jpeg 300w, https:\/\/lacha.si\/wp-content\/uploads\/2022\/12\/Lana-Bauman-Large-100x100.jpeg 100w\" width=\"50\" height=\"50\"><\/div><div class=\"vcex-icon-box-text wpex-flex-grow\"><h2 class=\"vcex-icon-box-heading wpex-heading wpex-text-md wpex-mb-10\" style=\"font-size:1.125em;margin-bottom:0px;\">Lana Bauman<\/h2><div class=\"vcex-icon-box-content wpex-last-mb-0 wpex-clr\"><p>041 784 205<br \/>\nlana.bauman@lacha.si<\/p>\n<\/div><\/div><\/div><div class=\"vcex-spacing wpex-w-100 wpex-clear\" style=\"height:40px;\"><\/div><div class=\"vcex-module vcex-icon-box vcex-icon-box-one wpex-relative wpex-flex wpex-text-left\"><div class=\"vcex-icon-box-symbol wpex-flex-shrink-0 wpex-mr-20\"><img decoding=\"async\" loading=\"lazy\" class=\"vcex-icon-box-image wpex-align-middle\" style=\"width:50px;border-radius:var(--wpex-radius-blob-2);\" src=\"https:\/\/lacha.si\/wp-content\/uploads\/2022\/12\/Zan-Hauptman-Large-50x50.jpeg\" alt=\"\" srcset=\"https:\/\/lacha.si\/wp-content\/uploads\/2022\/12\/Zan-Hauptman-Large-50x50.jpeg 50w, https:\/\/lacha.si\/wp-content\/uploads\/2022\/12\/Zan-Hauptman-Large-150x150.jpeg 150w, https:\/\/lacha.si\/wp-content\/uploads\/2022\/12\/Zan-Hauptman-Large-300x300.jpeg 300w, https:\/\/lacha.si\/wp-content\/uploads\/2022\/12\/Zan-Hauptman-Large-100x100.jpeg 100w\" width=\"50\" height=\"50\"><\/div><div class=\"vcex-icon-box-text wpex-flex-grow\"><h2 class=\"vcex-icon-box-heading wpex-heading wpex-text-md wpex-mb-10\" style=\"font-size:1.125em;margin-bottom:0px;\">\u017dan Hauptman<\/h2><div class=\"vcex-icon-box-content wpex-last-mb-0 wpex-clr\"><p>041 460 604<br \/>\nzan.hauptman@lacha.si<\/p>\n<\/div><\/div><\/div><div class=\"vcex-module vcex-divider vcex-divider-solid wpex-max-w-100 wpex-mx-auto wpex-block wpex-h-0 wpex-border-b wpex-border-solid wpex-border-main\" style=\"margin-top:50px;margin-bottom:50px;border-color:#e0e0e0;\"><\/div>[vc_column_text]<strong>Dru\u0161tvo KUD EVENT<\/strong><br \/>\nLenardonova ulica 40A<br \/>\n2000 Maribor<br \/>\nD\u0160: 66224489[\/vc_column_text][\/vc_column][\/vc_row][vc_row full_width=&#8221;stretch_row_content_no_spaces&#8221; remove_bottom_col_margin=&#8221;true&#8221;][vc_column]<div class=\"vcex-spacing wpex-w-100 wpex-clear\" style=\"height:100px;\"><\/div><div class=\"vcex-module vcex-divider vcex-divider-solid wpex-max-w-100 wpex-mx-auto wpex-block wpex-h-0 wpex-border-b wpex-border-solid wpex-border-main\" style=\"border-color:#e0e0e0;\"><\/div><div class=\"vcex-spacing wpex-w-100 wpex-clear\" style=\"height:100px;\"><\/div>[\/vc_column][\/vc_row][vc_row remove_bottom_col_margin=&#8221;true&#8221; max_width_custom=&#8221;800px&#8221; max_width_align=&#8221;center&#8221; local_scroll_id=&#8221;contact-form&#8221; css=&#8221;.vc_custom_1634599548023{margin-top: 40px !important;margin-bottom: 140px !important;}&#8221;][vc_column]<style>.vcex_69e4c2a29fc6f{font-size:2.5em!important;}@media (max-width:767px){.vcex_69e4c2a29fc6f{font-size:2em!important;}}<\/style><div class=\"vcex-heading vcex-module wpex-text-2xl wpex-font-normal wpex-m-auto wpex-max-w-100 vcex-heading-plain wpex-block vcex_69e4c2a29fc6f\"><span class=\"vcex-heading-inner wpex-inline-block wpex-clr\">Lahko pa nam pi\u0161e\u0161 tudi tukaj<\/span><\/div><div class=\"vcex-spacing wpex-w-100 wpex-clear\" style=\"height:20px;\"><\/div>[vc_column_text]Po\u0161lji nam vpra\u0161anje in odgovorili bomo v najkraj\u0161em mo\u017enem \u010dasu.[\/vc_column_text]<div class=\"vcex-spacing wpex-w-100 wpex-clear\" style=\"height:40px;\"><\/div><div class=\"vcex-contact-form\" data-ajaxurl=\"https:\/\/lacha.si\/wp-admin\/admin-ajax.php\" data-notice-success=\"Thank you for the message. We will respond as soon as possible.\" data-notice-error=\"Some errors occurred.\" data-nonce=\"3d3fe1a431\"><form class=\"vcex-contact-form__form\"><div class=\"vcex-contact-form__fields wpex-mb-15 wpex-flex wpex-gap-20 wpex-flex-wrap\"><div class=\"vcex-contact-form__name wpex-flex-grow\"><label class=\"screen-reader-text\" for=\"vcex-contact-form__69e4c2a2a0e33-name\">Ime<sup class=\"vcex-contact-form__required\">*<\/sup><\/label><input class=\"vcex-contact-form__input\" type=\"text\" id=\"vcex-contact-form__69e4c2a2a0e33-name\" name=\"vcex_cf_name\" required placeholder=\"Ime*\"><\/div><div class=\"vcex-contact-form__email wpex-flex-grow\"><label class=\"screen-reader-text\" for=\"vcex-contact-form__69e4c2a2a0e33-email\">Elektrnoski naslov<sup class=\"vcex-contact-form__required\">*<\/sup><\/label><input class=\"vcex-contact-form__input\" type=\"email\" id=\"vcex-contact-form__69e4c2a2a0e33-email\" name=\"vcex_cf_email\" required placeholder=\"Elektrnoski naslov*\"><\/div><\/div><div class=\"vcex-contact-form__message wpex-mb-15\"><label class=\"screen-reader-text\" for=\"vcex-contact-form__69e4c2a2a0e33-message\">Sporo\u010dilo<\/label><textarea rows=\"8\" class=\"vcex-contact-form__textarea wpex-align-top\" id=\"vcex-contact-form__69e4c2a2a0e33-message\" name=\"vcex_cf_message\" required placeholder=\"Sporo\u010dilo\"><\/textarea><\/div><button class=\"vcex-contact-form__submit\">Po\u0161lji<\/button><div class=\"vcex-contact-form__spinner wpex-mt-15 wpex-hidden\"><svg height=\"20\" width=\"20\" viewBox=\"0 0 36 36\" xmlns=\"http:\/\/www.w3.org\/2000\/svg\"><circle cx=\"18\" cy=\"18\" r=\"18\" fill=\"#a2a2a2\" fill-opacity=\".5\"\/><circle cx=\"18\" cy=\"8\" r=\"4\" fill=\"#fff\"><animateTransform attributeName=\"transform\" dur=\"1100ms\" from=\"0 18 18\" repeatCount=\"indefinite\" to=\"360 18 18\" type=\"rotate\"\/><\/circle><\/svg><\/div><div class=\"vcex-contact-form__notice wpex-hidden wpex-alert wpex-mt-15 wpex-mb-0\"><\/div><\/form><div class=\"vcex-contact-form__overlay wpex-hidden\"><\/div><\/div>[\/vc_column][\/vc_row]\n","protected":false},"excerpt":{"rendered":"<p>[vc_row content_placement=&#8221;middle&#8221; columns_right=&#8221;yes&#8221;][vc_column width=&#8221;1\/2&#8243;][\/vc_column][vc_column width=&#8221;1\/2&#8243;][vc_column_text]Najdete nas tam, kjer se sli\u0161i dobra glasba ali pa nas kontaktirajte na naslednji povezavi -&gt; kontaktni obrazec.[\/vc_column_text][vc_column_text]Dru\u0161tvo KUD EVENT Lenardonova ulica 40A 2000 Maribor D\u0160: 66224489[\/vc_column_text][\/vc_column][\/vc_row][vc_row full_width=&#8221;stretch_row_content_no_spaces&#8221; remove_bottom_col_margin=&#8221;true&#8221;][vc_column][\/vc_column][\/vc_row][vc_row remove_bottom_col_margin=&#8221;true&#8221; max_width_custom=&#8221;800px&#8221; max_width_align=&#8221;center&#8221; local_scroll_id=&#8221;contact-form&#8221; css=&#8221;.vc_custom_1634599548023{margin-top: 40px !important;margin-bottom: 140px !important;}&#8221;][vc_column][vc_column_text]Po\u0161lji nam vpra\u0161anje in odgovorili bomo v najkraj\u0161em mo\u017enem \u010dasu.[\/vc_column_text][\/vc_column][\/vc_row]<\/p>\n","protected":false},"author":1,"featured_media":0,"parent":0,"menu_order":0,"comment_status":"closed","ping_status":"closed","template":"","meta":{"ngg_post_thumbnail":0,"footnotes":""},"class_list":["post-25","page","type-page","status-publish","hentry","entry","no-media"],"yoast_head":"<!-- This site is optimized with the Yoast SEO plugin v20.2.1 - https:\/\/yoast.com\/wordpress\/plugins\/seo\/ -->\n<title>Kontakt - Lacha<\/title>\n<meta name=\"robots\" content=\"index, follow, max-snippet:-1, max-image-preview:large, max-video-preview:-1\" \/>\n<link rel=\"canonical\" href=\"https:\/\/lacha.si\/?page_id=25\" \/>\n<meta property=\"og:locale\" content=\"en_US\" \/>\n<meta property=\"og:type\" content=\"article\" \/>\n<meta property=\"og:title\" content=\"Kontakt - Lacha\" \/>\n<meta property=\"og:description\" content=\"[vc_row content_placement=&#8221;middle&#8221; columns_right=&#8221;yes&#8221;][vc_column width=&#8221;1\/2&#8243;][\/vc_column][vc_column width=&#8221;1\/2&#8243;][vc_column_text]Najdete nas tam, kjer se sli\u0161i dobra glasba ali pa nas kontaktirajte na naslednji povezavi -&gt; kontaktni obrazec.[\/vc_column_text][vc_column_text]Dru\u0161tvo KUD EVENT Lenardonova ulica 40A 2000 Maribor D\u0160: 66224489[\/vc_column_text][\/vc_column][\/vc_row][vc_row full_width=&#8221;stretch_row_content_no_spaces&#8221; remove_bottom_col_margin=&#8221;true&#8221;][vc_column][\/vc_column][\/vc_row][vc_row remove_bottom_col_margin=&#8221;true&#8221; max_width_custom=&#8221;800px&#8221; max_width_align=&#8221;center&#8221; local_scroll_id=&#8221;contact-form&#8221; css=&#8221;.vc_custom_1634599548023{margin-top: 40px !important;margin-bottom: 140px !important;}&#8221;][vc_column][vc_column_text]Po\u0161lji nam vpra\u0161anje in odgovorili bomo v najkraj\u0161em mo\u017enem \u010dasu.[\/vc_column_text][\/vc_column][\/vc_row]\" \/>\n<meta property=\"og:url\" content=\"https:\/\/lacha.si\/?page_id=25\" \/>\n<meta property=\"og:site_name\" content=\"Lacha\" \/>\n<meta property=\"article:modified_time\" content=\"2023-03-03T10:43:07+00:00\" \/>\n<meta name=\"twitter:card\" content=\"summary_large_image\" \/>\n<meta name=\"twitter:label1\" content=\"Est. reading time\" \/>\n\t<meta name=\"twitter:data1\" content=\"2 minutes\" \/>\n<script type=\"application\/ld+json\" class=\"yoast-schema-graph\">{\"@context\":\"https:\/\/schema.org\",\"@graph\":[{\"@type\":\"WebPage\",\"@id\":\"https:\/\/lacha.si\/?page_id=25\",\"url\":\"https:\/\/lacha.si\/?page_id=25\",\"name\":\"Kontakt - Lacha\",\"isPartOf\":{\"@id\":\"https:\/\/lacha.si\/#website\"},\"datePublished\":\"2021-08-10T04:39:15+00:00\",\"dateModified\":\"2023-03-03T10:43:07+00:00\",\"breadcrumb\":{\"@id\":\"https:\/\/lacha.si\/?page_id=25#breadcrumb\"},\"inLanguage\":\"en-US\",\"potentialAction\":[{\"@type\":\"ReadAction\",\"target\":[\"https:\/\/lacha.si\/?page_id=25\"]}]},{\"@type\":\"BreadcrumbList\",\"@id\":\"https:\/\/lacha.si\/?page_id=25#breadcrumb\",\"itemListElement\":[{\"@type\":\"ListItem\",\"position\":1,\"name\":\"Home\",\"item\":\"https:\/\/lacha.si\/\"},{\"@type\":\"ListItem\",\"position\":2,\"name\":\"Kontakt\"}]},{\"@type\":\"WebSite\",\"@id\":\"https:\/\/lacha.si\/#website\",\"url\":\"https:\/\/lacha.si\/\",\"name\":\"Lacha\",\"description\":\"\",\"publisher\":{\"@id\":\"https:\/\/lacha.si\/#organization\"},\"potentialAction\":[{\"@type\":\"SearchAction\",\"target\":{\"@type\":\"EntryPoint\",\"urlTemplate\":\"https:\/\/lacha.si\/?s={search_term_string}\"},\"query-input\":\"required name=search_term_string\"}],\"inLanguage\":\"en-US\"},{\"@type\":\"Organization\",\"@id\":\"https:\/\/lacha.si\/#organization\",\"name\":\"Lacha\",\"url\":\"https:\/\/lacha.si\/\",\"logo\":{\"@type\":\"ImageObject\",\"inLanguage\":\"en-US\",\"@id\":\"https:\/\/lacha.si\/#\/schema\/logo\/image\/\",\"url\":\"https:\/\/lacha.si\/wp-content\/uploads\/2022\/11\/logo-brez-ozadja-e1670343013486.png\",\"contentUrl\":\"https:\/\/lacha.si\/wp-content\/uploads\/2022\/11\/logo-brez-ozadja-e1670343013486.png\",\"width\":200,\"height\":200,\"caption\":\"Lacha \"},\"image\":{\"@id\":\"https:\/\/lacha.si\/#\/schema\/logo\/image\/\"}}]}<\/script>\n<!-- \/ Yoast SEO plugin. -->","yoast_head_json":{"title":"Kontakt - Lacha","robots":{"index":"index","follow":"follow","max-snippet":"max-snippet:-1","max-image-preview":"max-image-preview:large","max-video-preview":"max-video-preview:-1"},"canonical":"https:\/\/lacha.si\/?page_id=25","og_locale":"en_US","og_type":"article","og_title":"Kontakt - Lacha","og_description":"[vc_row content_placement=&#8221;middle&#8221; columns_right=&#8221;yes&#8221;][vc_column width=&#8221;1\/2&#8243;][\/vc_column][vc_column width=&#8221;1\/2&#8243;][vc_column_text]Najdete nas tam, kjer se sli\u0161i dobra glasba ali pa nas kontaktirajte na naslednji povezavi -&gt; kontaktni obrazec.[\/vc_column_text][vc_column_text]Dru\u0161tvo KUD EVENT Lenardonova ulica 40A 2000 Maribor D\u0160: 66224489[\/vc_column_text][\/vc_column][\/vc_row][vc_row full_width=&#8221;stretch_row_content_no_spaces&#8221; remove_bottom_col_margin=&#8221;true&#8221;][vc_column][\/vc_column][\/vc_row][vc_row remove_bottom_col_margin=&#8221;true&#8221; max_width_custom=&#8221;800px&#8221; max_width_align=&#8221;center&#8221; local_scroll_id=&#8221;contact-form&#8221; css=&#8221;.vc_custom_1634599548023{margin-top: 40px !important;margin-bottom: 140px !important;}&#8221;][vc_column][vc_column_text]Po\u0161lji nam vpra\u0161anje in odgovorili bomo v najkraj\u0161em mo\u017enem \u010dasu.[\/vc_column_text][\/vc_column][\/vc_row]","og_url":"https:\/\/lacha.si\/?page_id=25","og_site_name":"Lacha","article_modified_time":"2023-03-03T10:43:07+00:00","twitter_card":"summary_large_image","twitter_misc":{"Est. reading time":"2 minutes"},"schema":{"@context":"https:\/\/schema.org","@graph":[{"@type":"WebPage","@id":"https:\/\/lacha.si\/?page_id=25","url":"https:\/\/lacha.si\/?page_id=25","name":"Kontakt - Lacha","isPartOf":{"@id":"https:\/\/lacha.si\/#website"},"datePublished":"2021-08-10T04:39:15+00:00","dateModified":"2023-03-03T10:43:07+00:00","breadcrumb":{"@id":"https:\/\/lacha.si\/?page_id=25#breadcrumb"},"inLanguage":"en-US","potentialAction":[{"@type":"ReadAction","target":["https:\/\/lacha.si\/?page_id=25"]}]},{"@type":"BreadcrumbList","@id":"https:\/\/lacha.si\/?page_id=25#breadcrumb","itemListElement":[{"@type":"ListItem","position":1,"name":"Home","item":"https:\/\/lacha.si\/"},{"@type":"ListItem","position":2,"name":"Kontakt"}]},{"@type":"WebSite","@id":"https:\/\/lacha.si\/#website","url":"https:\/\/lacha.si\/","name":"Lacha","description":"","publisher":{"@id":"https:\/\/lacha.si\/#organization"},"potentialAction":[{"@type":"SearchAction","target":{"@type":"EntryPoint","urlTemplate":"https:\/\/lacha.si\/?s={search_term_string}"},"query-input":"required name=search_term_string"}],"inLanguage":"en-US"},{"@type":"Organization","@id":"https:\/\/lacha.si\/#organization","name":"Lacha","url":"https:\/\/lacha.si\/","logo":{"@type":"ImageObject","inLanguage":"en-US","@id":"https:\/\/lacha.si\/#\/schema\/logo\/image\/","url":"https:\/\/lacha.si\/wp-content\/uploads\/2022\/11\/logo-brez-ozadja-e1670343013486.png","contentUrl":"https:\/\/lacha.si\/wp-content\/uploads\/2022\/11\/logo-brez-ozadja-e1670343013486.png","width":200,"height":200,"caption":"Lacha "},"image":{"@id":"https:\/\/lacha.si\/#\/schema\/logo\/image\/"}}]}},"_links":{"self":[{"href":"https:\/\/lacha.si\/index.php?rest_route=\/wp\/v2\/pages\/25","targetHints":{"allow":["GET"]}}],"collection":[{"href":"https:\/\/lacha.si\/index.php?rest_route=\/wp\/v2\/pages"}],"about":[{"href":"https:\/\/lacha.si\/index.php?rest_route=\/wp\/v2\/types\/page"}],"author":[{"embeddable":true,"href":"https:\/\/lacha.si\/index.php?rest_route=\/wp\/v2\/users\/1"}],"replies":[{"embeddable":true,"href":"https:\/\/lacha.si\/index.php?rest_route=%2Fwp%2Fv2%2Fcomments&post=25"}],"version-history":[{"count":6,"href":"https:\/\/lacha.si\/index.php?rest_route=\/wp\/v2\/pages\/25\/revisions"}],"predecessor-version":[{"id":400,"href":"https:\/\/lacha.si\/index.php?rest_route=\/wp\/v2\/pages\/25\/revisions\/400"}],"wp:attachment":[{"href":"https:\/\/lacha.si\/index.php?rest_route=%2Fwp%2Fv2%2Fmedia&parent=25"}],"curies":[{"name":"wp","href":"https:\/\/api.w.org\/{rel}","templated":true}]}}